{"id":11,"date":"2017-01-11T00:21:52","date_gmt":"2017-01-10T23:21:52","guid":{"rendered":"http:\/\/vitfucik.cz\/?page_id=11"},"modified":"2017-05-30T22:55:49","modified_gmt":"2017-05-30T21:55:49","slug":"o-mneabout","status":"publish","type":"page","link":"https:\/\/vitfucik.cz\/index.php\/o-mneabout\/","title":{"rendered":"M\u016fj p\u0159\u00edb\u011bh\/My story"},"content":{"rendered":"<p><span style=\"font-size: 20px;\">\u00a0<\/span><\/p>\n<p class=\"font_8\">\u00a0<\/p>\n<p class=\"font_8\">\u00a0<\/p>\n<p class=\"font_8\"><span style=\"font-size: 20px;\">Jsem kytarista, skladatel, texta\u0159, zvuka\u0159,\u00a0 audio mixer, producent hudby a taky\u00a0p\u0159\u00edle\u017eitostn\u00fd grafik\u00a0a ilustr\u00e1tor na voln\u00e9 noze. <\/span><\/p>\n<p class=\"font_8\"><span style=\"font-size: 20px;\"><strong>BIO:\u00a0<\/strong><\/span><\/p>\n<p class=\"font_8\"><span style=\"font-size: 20px;\">Narodil jsem se v Praze a s\u00a0kreslen\u00edm po tapet\u00e1ch jsem za\u010dal ji\u017e v \u00fatl\u00e9m v\u011bku. V osmi letech \u00a0jsem se\u00a0 za\u010dal u\u010dit prvn\u00ed akordy na kytaru\u00a0a v dev\u00edti jsem si zamiloval bic\u00ed n\u00e1stroje. Za\u010dal jsem chodit do ZU\u0160 a v p\u00e1t\u00e9 t\u0159\u00edd\u011b Z\u0160 jsem m\u011bl sv\u00e9 prvn\u00ed ve\u0159ejn\u00e9 vystoupen\u00ed (bic\u00ed s\u00f3lo na \u0161koln\u00ed bes\u00eddce).<\/span><\/p>\n<p class=\"font_8\"><span style=\"font-size: 20px;\">V sedmn\u00e1cti letech jsem si koupil prvn\u00ed elektrickou kytaru a od t\u00e9 doby \u0161lo v\u0161echno stranou. Za\u010dal jsem rovn\u011b\u017e pomalu ps\u00e1t sv\u00e9 vlastn\u00ed p\u00edsn\u011b, inspirov\u00e1n p\u0159edev\u0161\u00edm Tomem Waitsem a Rory Gallagherem.<\/span><\/p>\n<p class=\"font_8\"><span style=\"font-size: 20px;\">Mezit\u00edm jsem vystudoval SOU Podkov\u00e1\u0159sk\u00e1 &#8211; obor <strong>Staro\u017eitn\u00edk<\/strong> a nav\u0161t\u011bvoval n\u011bkolik um\u011bleck\u00fdch kurz\u016f (Martin Stanovsk\u00fd)\u00a0a tak\u00e9\u00a0<strong>soukrom\u00fdch u\u010ditel\u016f kytary<\/strong> (V\u00e1clav Vesel\u00fd, M\u00edla Ben\u00fd\u0161ek)<strong> a zp\u011bvu<\/strong> (MgA. Petra Beokov\u00e1). Nav\u0161t\u011bvoval jsem rovn\u011b\u017e <strong>ZU\u0160 Lounsk\u00fdch<\/strong> a <strong>ZU\u0160 \u0160im\u00e1\u010dkova <\/strong>v Praze (bic\u00ed n\u00e1stroje a hudebn\u00ed nauka).<\/span><\/p>\n<p class=\"font_8\"><span style=\"font-size: 20px;\">Po\u00a0st\u0159edn\u00ed \u0161kole jsem pracoval dva roky v poji\u0161\u0165ovn\u011b a n\u00e1sledn\u011b\u00a0t\u0159i roky na hrad\u011b Zv\u00edkov.<\/span><\/p>\n<p class=\"font_8\"><span style=\"font-size: 20px;\">Na ja\u0159e roku 2012 zakl\u00e1d\u00e1m svou vlastn\u00ed kapelu s n\u00e1zvem <strong>V\u00edt Fu\u010d\u00edk &amp; Nezn\u00e1m\u00fd interpret<\/strong>, kter\u00e1 n\u00e1sledn\u011b zm\u011bn\u00ed sv\u016fj n\u00e1zev na <strong><a href=\"http:\/\/bandzone.cz\/vf\">Mimo d\u011bj<\/a><\/strong>.<\/span><\/p>\n<p class=\"font_8\"><span style=\"font-size: 20px;\">V roce 2013 mi byla diagnostikov\u00e1na Roztrou\u0161en\u00e1 skler\u00f3za a od t\u00e9 doby \u00fasp\u011b\u0161n\u011b postupuji l\u00e9\u010dbu a na m\u00e9 kytarov\u00e9 dovednosti to nem\u00e1 vliv.<\/span><\/p>\n<p class=\"font_8\"><span style=\"font-size: 20px;\">Na za\u010d\u00e1tku roku 2014 si kupuji <strong>prvn\u00ed zvukovou kartu<\/strong> a od t\u00e9 doby se zamilov\u00e1v\u00e1m do <strong>nahr\u00e1v\u00e1n\u00ed<\/strong> a<strong> produkce hudby<\/strong>.\u00a0\u00a0<\/span><\/p>\n<p class=\"font_8\"><span style=\"font-size: 20px;\">Nyn\u00ed p\u016fsob\u00edm jako freelancer a bydl\u00edm na jiho\u010desk\u00e9m venkov\u011b.<\/span><\/p>\n<p class=\"font_8\"><span style=\"font-size: 20px;\">Za svou kari\u00e9ru jsem hr\u00e1\u010dsky\u00a0p\u016fsobil v t\u011bchto kapel\u00e1ch\/projektech:<\/span><\/p>\n<p class=\"font_8\"><span style=\"font-size: 20px;\"><strong>Rychl\u00e1 Rota, Patina Rock, Brothers &amp; Won, Arogance\u00a0Rock,\u00a0Doggybag, Krivohlavy, Gibon band a Bohdan Sl\u00e1ma band.<\/strong><\/span><\/p>\n<p class=\"font_8\"><span style=\"font-size: 20px;\">Pom\u00e1hal jsem vytv\u00e1\u0159et hudbu t\u011bmto lidem:<\/span><\/p>\n<p class=\"font_8\"><span style=\"font-size: 20px;\">So\u0148a Schorn\u00edkov\u00e1 (zp\u011bva\u010dka), Rusty Strings (kapela, J\u010c), St\u00edny (kapela, Plz), Vojta Vrba a ??? (kapela), Lucia Ty\u010di\u00e1kov\u00e1 (zp\u011bva\u010dka), Mari K\u0159\u00ed\u017eov\u00e1 (zp\u011bva\u010dka, texta\u0159ka), Kl\u00e1ra Pavl\u00edkov\u00e1 (zp\u011bva\u010dka), Bohdan Sl\u00e1ma (re\u017eis\u00e9r), Ale\u0161 Sladk\u00fd (kytarista, zp\u011bv\u00e1k, texta\u0159) a dal\u0161\u00ed.<\/span><\/p>\n<p class=\"font_8\">\u00a0<\/p>\n<p class=\"font_8\"><span style=\"font-size: 20px;\">I was born in Prague in 1990.<\/span><br \/>\n <span style=\"font-size: 20px;\"> I lived there until I was 22.<\/span><br \/>\n <span style=\"font-size: 20px;\"> I always love music and painting. I started drumming in age of 9 and my first own electric guitar I bought in 17.\u00a0<\/span><br \/>\n <span style=\"font-size: 20px;\"> Graduated as an antique dealer (School of Artcrafts), worked in an insurance company for two years, and lived on the medieval castle Zv\u00edkov for three years. Now I\u00b4m independence artist.<\/span><\/p>\n<p class=\"font_8\"><span style=\"font-size: 20px;\">I love\u00a0 playing music instruments (mostly guitar and drums), making music (composing, recording, mixing and so on), writing lyrics, graphic design, illustrations and videos.<\/span><\/p>\n<p class=\"font_8\"><span style=\"font-size: 20px;\">\u00a0<\/span><\/p>\n\n<p><span style=\"font-size: 20px;\">#kytarista #skladatel #texta\u0159 #zvuka\u0159 #producent #ilustr\u00e1tor #kresl\u00ed\u0159 #grafik #anim\u00e1tor # ji\u017en\u00ed \u010dechy #p\u00edsek\u00a0#tvorba hudby #nahr\u00e1v\u00e1n\u00ed #ilustrace #grafick\u00e9 pr\u00e1ce\u00a0#u\u010ditel na kytaru<\/span><\/p>\n","protected":false},"excerpt":{"rendered":"<p>\u00a0 \u00a0 \u00a0 Jsem kytarista, skladatel, texta\u0159, zvuka\u0159,\u00a0 audio mixer, producent hudby a taky\u00a0p\u0159\u00edle\u017eitostn\u00fd grafik\u00a0a ilustr\u00e1tor na voln\u00e9 noze. BIO:\u00a0 Narodil jsem [&hellip;]<\/p>\n","protected":false},"author":2,"featured_media":0,"parent":0,"menu_order":0,"comment_status":"closed","ping_status":"closed","template":"page-templates\/page_front-page.php","meta":{"_exactmetrics_skip_tracking":false,"_exactmetrics_sitenote_active":false,"_exactmetrics_sitenote_note":"","_exactmetrics_sitenote_category":0,"_monsterinsights_skip_tracking":false,"_monsterinsights_sitenote_active":false,"_monsterinsights_sitenote_note":"","_monsterinsights_sitenote_category":0,"footnotes":""},"aioseo_notices":[],"_links":{"self":[{"href":"https:\/\/vitfucik.cz\/index.php\/wp-json\/wp\/v2\/pages\/11"}],"collection":[{"href":"https:\/\/vitfucik.cz\/index.php\/wp-json\/wp\/v2\/pages"}],"about":[{"href":"https:\/\/vitfucik.cz\/index.php\/wp-json\/wp\/v2\/types\/page"}],"author":[{"embeddable":true,"href":"https:\/\/vitfucik.cz\/index.php\/wp-json\/wp\/v2\/users\/2"}],"replies":[{"embeddable":true,"href":"https:\/\/vitfucik.cz\/index.php\/wp-json\/wp\/v2\/comments?post=11"}],"version-history":[{"count":19,"href":"https:\/\/vitfucik.cz\/index.php\/wp-json\/wp\/v2\/pages\/11\/revisions"}],"predecessor-version":[{"id":660,"href":"https:\/\/vitfucik.cz\/index.php\/wp-json\/wp\/v2\/pages\/11\/revisions\/660"}],"wp:attachment":[{"href":"https:\/\/vitfucik.cz\/index.php\/wp-json\/wp\/v2\/media?parent=11"}],"curies":[{"name":"wp","href":"https:\/\/api.w.org\/{rel}","templated":true}]}}