{"id":15,"date":"2017-01-11T00:22:48","date_gmt":"2017-01-10T23:22:48","guid":{"rendered":"http:\/\/vitfucik.cz\/?page_id=15"},"modified":"2017-05-30T23:00:16","modified_gmt":"2017-05-30T22:00:16","slug":"kontakt","status":"publish","type":"page","link":"https:\/\/vitfucik.cz\/index.php\/kontakt\/","title":{"rendered":"Kontakt"},"content":{"rendered":"<p>&nbsp;<\/p>\n<p>&nbsp;<\/p>\n<p>&nbsp;<\/p>\n<p><span style=\"font-size: 20px;\">Nev\u00e1hejte m\u011b kontaktovat.\u00a0 Pokud nebudou Va\u0161e p\u0159edstavy v m\u00e9 moci, tak V\u00e1m r\u00e1d\u00a0porad\u00edm nejlep\u0161\u00ed alternativu.<\/span><\/p>\n<p><strong>V\u00edt Fu\u010d\u00edk<\/strong><\/p>\n<p>Radobytce , \u010cimelice <br \/>\n I\u010c: 04582829<\/p>\n<p>tel.: +420 721-237-954<\/p>\n<p>email: vitfucik@gmail.com<\/p>\n<p><figure id=\"attachment_231\" aria-describedby=\"caption-attachment-231\" style=\"width: 65px\" class=\"wp-caption alignleft\"><img loading=\"lazy\" decoding=\"async\" class=\"wp-image-231 size-full\" src=\"http:\/\/vitfucik.cz\/wp-content\/uploads\/2017\/01\/g4310.png\" alt=\"721-237-954\" width=\"65\" height=\"65\" \/><figcaption id=\"caption-attachment-231\" class=\"wp-caption-text\">+420 721-237-954<\/figcaption><\/figure> <figure id=\"attachment_232\" aria-describedby=\"caption-attachment-232\" style=\"width: 65px\" class=\"wp-caption alignleft\"><img loading=\"lazy\" decoding=\"async\" class=\"wp-image-232 size-full\" src=\"http:\/\/vitfucik.cz\/wp-content\/uploads\/2017\/01\/g4320.png\" width=\"65\" height=\"65\" \/><figcaption id=\"caption-attachment-232\" class=\"wp-caption-text\">vitfucik@gmail.com<\/figcaption><\/figure> <figure id=\"attachment_233\" aria-describedby=\"caption-attachment-233\" style=\"width: 65px\" class=\"wp-caption alignleft\"><a href=\"https:\/\/twitter.com\/VitFucik\"><img loading=\"lazy\" decoding=\"async\" class=\"wp-image-233 size-full\" src=\"http:\/\/vitfucik.cz\/wp-content\/uploads\/2017\/01\/g4329.png\" width=\"65\" height=\"65\" \/><\/a><figcaption id=\"caption-attachment-233\" class=\"wp-caption-text\">@vitfucik<\/figcaption><\/figure> <figure id=\"attachment_234\" aria-describedby=\"caption-attachment-234\" style=\"width: 65px\" class=\"wp-caption alignleft\"><a href=\"https:\/\/cz.linkedin.com\/in\/v\u00edt-fu\u010d\u00edk-b5ab87a5\"><img loading=\"lazy\" decoding=\"async\" class=\"wp-image-234 size-full\" src=\"http:\/\/vitfucik.cz\/wp-content\/uploads\/2017\/01\/g4333.png\" width=\"65\" height=\"65\" \/><\/a><figcaption id=\"caption-attachment-234\" class=\"wp-caption-text\">V\u00edt Fu\u010d\u00edk<\/figcaption><\/figure><\/p>\n<p>&nbsp;<\/p>\n<p>&nbsp;<\/p>\n<p>&nbsp;<\/p>\n<p><span style=\"font-family: Courier New;\">\u00a0<\/span><\/p>\n","protected":false},"excerpt":{"rendered":"<p>&nbsp; &nbsp; &nbsp; Nev\u00e1hejte m\u011b kontaktovat.\u00a0 Pokud nebudou Va\u0161e p\u0159edstavy v m\u00e9 moci, tak V\u00e1m r\u00e1d\u00a0porad\u00edm nejlep\u0161\u00ed alternativu. V\u00edt Fu\u010d\u00edk Radobytce , [&hellip;]<\/p>\n","protected":false},"author":2,"featured_media":0,"parent":0,"menu_order":0,"comment_status":"closed","ping_status":"closed","template":"page-templates\/page_front-page.php","meta":{"_exactmetrics_skip_tracking":false,"_exactmetrics_sitenote_active":false,"_exactmetrics_sitenote_note":"","_exactmetrics_sitenote_category":0,"_monsterinsights_skip_tracking":false,"_monsterinsights_sitenote_active":false,"_monsterinsights_sitenote_note":"","_monsterinsights_sitenote_category":0,"footnotes":""},"aioseo_notices":[],"_links":{"self":[{"href":"https:\/\/vitfucik.cz\/index.php\/wp-json\/wp\/v2\/pages\/15"}],"collection":[{"href":"https:\/\/vitfucik.cz\/index.php\/wp-json\/wp\/v2\/pages"}],"about":[{"href":"https:\/\/vitfucik.cz\/index.php\/wp-json\/wp\/v2\/types\/page"}],"author":[{"embeddable":true,"href":"https:\/\/vitfucik.cz\/index.php\/wp-json\/wp\/v2\/users\/2"}],"replies":[{"embeddable":true,"href":"https:\/\/vitfucik.cz\/index.php\/wp-json\/wp\/v2\/comments?post=15"}],"version-history":[{"count":15,"href":"https:\/\/vitfucik.cz\/index.php\/wp-json\/wp\/v2\/pages\/15\/revisions"}],"predecessor-version":[{"id":662,"href":"https:\/\/vitfucik.cz\/index.php\/wp-json\/wp\/v2\/pages\/15\/revisions\/662"}],"wp:attachment":[{"href":"https:\/\/vitfucik.cz\/index.php\/wp-json\/wp\/v2\/media?parent=15"}],"curies":[{"name":"wp","href":"https:\/\/api.w.org\/{rel}","templated":true}]}}