{"id":199,"date":"2017-01-18T00:33:29","date_gmt":"2017-01-17T23:33:29","guid":{"rendered":"http:\/\/vitfucik.cz\/?page_id=199"},"modified":"2017-01-18T02:02:05","modified_gmt":"2017-01-18T01:02:05","slug":"studio","status":"publish","type":"page","link":"https:\/\/vitfucik.cz\/index.php\/studio\/","title":{"rendered":"M\u00e9 studio"},"content":{"rendered":"<p><strong>Vybaven\u00ed studia<\/strong><\/p>\n<p>P\u0159evodn\u00edky: Steinberg UR44, Line 6 Pod Farm 2<\/p>\n<p>DAW: Cubase 8<\/p>\n<p>Mikrofony: AKG, SHURE, MXL, SAMSON, BEHRINGER<\/p>\n<p>Monitoring: KRK, Technics, Sony, Samson, Shure<\/p>\n<p>Maxim\u00e1ln\u00ed po\u010det stop: 12<\/p>\n<p>Bic\u00ed: Basix Custom, snare Ludwig Acrolite, \u010dinely Anatolijan a Paiste<\/p>\n<p>Kytarov\u00e9 apar\u00e1ty: Egnater Rebel 20<\/p>\n<p>Basov\u00fd apar\u00e1t: Hartke LH 1000<\/p>\n<p><strong>Nahr\u00e1vac\u00ed prostory<\/strong><\/p>\n<p>&#8222;Bouda&#8220;\u00a0&#8211; hlavn\u00ed prostor studia &#8211; re\u017eie, vhodn\u00e9 pro overdubing, nahr\u00e1v\u00e1n\u00ed such\u00fdch bic\u00edch a zp\u011bv. Nahr\u00e1vac\u00ed prostor je uzp\u016fsoben na\u00a0 nahr\u00e1v\u00e1n\u00ed maxim\u00e1ln\u011b t\u0159\u00ed muzikant\u016f v jeden \u010das.<\/p>\n<p><img loading=\"lazy\" decoding=\"async\" class=\"alignnone wp-image-49 size-thumbnail\" src=\"http:\/\/vitfucik.cz\/wp-content\/uploads\/2017\/01\/6tag_171216-022023-150x150.jpg\" width=\"150\" height=\"150\" srcset=\"https:\/\/vitfucik.cz\/wp-content\/uploads\/2017\/01\/6tag_171216-022023-150x150.jpg 150w, https:\/\/vitfucik.cz\/wp-content\/uploads\/2017\/01\/6tag_171216-022023-100x100.jpg 100w\" sizes=\"(max-width: 150px) 100vw, 150px\" \/> <img loading=\"lazy\" decoding=\"async\" class=\"alignnone wp-image-76 size-thumbnail\" src=\"http:\/\/vitfucik.cz\/wp-content\/uploads\/2017\/01\/6tag_050716-015828-150x150.jpg\" width=\"150\" height=\"150\" srcset=\"https:\/\/vitfucik.cz\/wp-content\/uploads\/2017\/01\/6tag_050716-015828-150x150.jpg 150w, https:\/\/vitfucik.cz\/wp-content\/uploads\/2017\/01\/6tag_050716-015828-100x100.jpg 100w\" sizes=\"(max-width: 150px) 100vw, 150px\" \/> <img loading=\"lazy\" decoding=\"async\" class=\"alignnone wp-image-78 size-thumbnail\" src=\"http:\/\/vitfucik.cz\/wp-content\/uploads\/2017\/01\/6tag_090916-025558-150x150.jpg\" width=\"150\" height=\"150\" srcset=\"https:\/\/vitfucik.cz\/wp-content\/uploads\/2017\/01\/6tag_090916-025558-150x150.jpg 150w, https:\/\/vitfucik.cz\/wp-content\/uploads\/2017\/01\/6tag_090916-025558-100x100.jpg 100w\" sizes=\"(max-width: 150px) 100vw, 150px\" \/> <img loading=\"lazy\" decoding=\"async\" class=\"alignnone wp-image-6 size-thumbnail\" src=\"http:\/\/vitfucik.cz\/wp-content\/uploads\/2017\/01\/6tag_260616-004718-150x150.jpg\" width=\"150\" height=\"150\" \/> <img loading=\"lazy\" decoding=\"async\" class=\"alignnone wp-image-99 size-thumbnail\" src=\"http:\/\/vitfucik.cz\/wp-content\/uploads\/2017\/01\/6tag_270516-222928-150x150.jpg\" width=\"150\" height=\"150\" srcset=\"https:\/\/vitfucik.cz\/wp-content\/uploads\/2017\/01\/6tag_270516-222928-150x150.jpg 150w, https:\/\/vitfucik.cz\/wp-content\/uploads\/2017\/01\/6tag_270516-222928-100x100.jpg 100w\" sizes=\"(max-width: 150px) 100vw, 150px\" \/> <img loading=\"lazy\" decoding=\"async\" class=\"alignnone wp-image-221 size-thumbnail\" src=\"http:\/\/vitfucik.cz\/wp-content\/uploads\/2017\/01\/WP_20150925_18_36_22_Pro-150x150.jpg\" width=\"150\" height=\"150\" srcset=\"https:\/\/vitfucik.cz\/wp-content\/uploads\/2017\/01\/WP_20150925_18_36_22_Pro-150x150.jpg 150w, https:\/\/vitfucik.cz\/wp-content\/uploads\/2017\/01\/WP_20150925_18_36_22_Pro-100x100.jpg 100w\" sizes=\"(max-width: 150px) 100vw, 150px\" \/> <img loading=\"lazy\" decoding=\"async\" class=\"alignnone wp-image-214 size-thumbnail\" src=\"http:\/\/vitfucik.cz\/wp-content\/uploads\/2017\/01\/WP_20160102_21_16_47_Pro-150x150.jpg\" width=\"150\" height=\"150\" srcset=\"https:\/\/vitfucik.cz\/wp-content\/uploads\/2017\/01\/WP_20160102_21_16_47_Pro-150x150.jpg 150w, https:\/\/vitfucik.cz\/wp-content\/uploads\/2017\/01\/WP_20160102_21_16_47_Pro-100x100.jpg 100w\" sizes=\"(max-width: 150px) 100vw, 150px\" \/> <img loading=\"lazy\" decoding=\"async\" class=\"alignnone wp-image-217 size-thumbnail\" src=\"http:\/\/vitfucik.cz\/wp-content\/uploads\/2017\/01\/6tag_190616-194131-150x150.jpg\" width=\"150\" height=\"150\" srcset=\"https:\/\/vitfucik.cz\/wp-content\/uploads\/2017\/01\/6tag_190616-194131-150x150.jpg 150w, https:\/\/vitfucik.cz\/wp-content\/uploads\/2017\/01\/6tag_190616-194131-100x100.jpg 100w\" sizes=\"(max-width: 150px) 100vw, 150px\" \/><img loading=\"lazy\" decoding=\"async\" class=\"alignnone wp-image-219 size-thumbnail\" src=\"http:\/\/vitfucik.cz\/wp-content\/uploads\/2017\/01\/6tag_260616-004159-1-150x150.jpg\" width=\"150\" height=\"150\" srcset=\"https:\/\/vitfucik.cz\/wp-content\/uploads\/2017\/01\/6tag_260616-004159-1-150x150.jpg 150w, https:\/\/vitfucik.cz\/wp-content\/uploads\/2017\/01\/6tag_260616-004159-1-100x100.jpg 100w\" sizes=\"(max-width: 150px) 100vw, 150px\" \/> <img loading=\"lazy\" decoding=\"async\" class=\"alignnone wp-image-218 size-thumbnail\" src=\"http:\/\/vitfucik.cz\/wp-content\/uploads\/2017\/01\/6tag_240516-234934-150x150.jpg\" width=\"150\" height=\"150\" srcset=\"https:\/\/vitfucik.cz\/wp-content\/uploads\/2017\/01\/6tag_240516-234934-150x150.jpg 150w, https:\/\/vitfucik.cz\/wp-content\/uploads\/2017\/01\/6tag_240516-234934-100x100.jpg 100w\" sizes=\"(max-width: 150px) 100vw, 150px\" \/><\/p>\n<p>&#8222;\u0160kola&#8220; &#8211; velk\u00e1, ambientn\u00ed m\u00edstnost. Ur\u010den\u00e1 pro z\u00e1znam cel\u00e9 kapely, s upraviteln\u00fdmi parametry. Kapacita a\u017e\u00a040 lid\u00ed.\u00a0<\/p>\n<p><img loading=\"lazy\" decoding=\"async\" class=\"alignnone wp-image-215 size-thumbnail\" src=\"http:\/\/vitfucik.cz\/wp-content\/uploads\/2017\/01\/6tag_080117-214302-150x150.jpg\" width=\"150\" height=\"150\" srcset=\"https:\/\/vitfucik.cz\/wp-content\/uploads\/2017\/01\/6tag_080117-214302-150x150.jpg 150w, https:\/\/vitfucik.cz\/wp-content\/uploads\/2017\/01\/6tag_080117-214302-100x100.jpg 100w\" sizes=\"(max-width: 150px) 100vw, 150px\" \/><img loading=\"lazy\" decoding=\"async\" class=\"alignnone wp-image-216 size-thumbnail\" src=\"http:\/\/vitfucik.cz\/wp-content\/uploads\/2017\/01\/6tag_141116-015451-150x150.jpg\" width=\"150\" height=\"150\" srcset=\"https:\/\/vitfucik.cz\/wp-content\/uploads\/2017\/01\/6tag_141116-015451-150x150.jpg 150w, https:\/\/vitfucik.cz\/wp-content\/uploads\/2017\/01\/6tag_141116-015451-100x100.jpg 100w\" sizes=\"(max-width: 150px) 100vw, 150px\" \/><img loading=\"lazy\" decoding=\"async\" class=\"alignnone wp-image-220 size-thumbnail\" src=\"http:\/\/vitfucik.cz\/wp-content\/uploads\/2017\/01\/stiny-150x150.jpg\" width=\"150\" height=\"150\" srcset=\"https:\/\/vitfucik.cz\/wp-content\/uploads\/2017\/01\/stiny-150x150.jpg 150w, https:\/\/vitfucik.cz\/wp-content\/uploads\/2017\/01\/stiny-100x100.jpg 100w\" sizes=\"(max-width: 150px) 100vw, 150px\" \/><\/p>\n<p>Ubytov\u00e1n\u00ed: Ano<\/p>\n<p>Rekrea\u010dn\u00ed z\u00e1zem\u00ed: Ano<\/p>\n<p>Bl\u00edzk\u00e1 m\u011bsta: Mirotice, \u010cimelice, P\u00edsek, Blatn\u00e1, Strakonice<\/p>\n<p>Studio je obklopen\u00e9 kr\u00e1snou jiho\u010deskou p\u0159\u00edrodou. Je zde prostor na toulky po krajin\u011b, n\u00e1v\u0161t\u011bvu bl\u00edzk\u00fdch pam\u00e1tek, koup\u00e1n\u00ed v rybn\u00edc\u00edch, cykloturistiku, inline bruslen\u00ed, meditaci a nebo lze zalo\u017eit t\u00e1borov\u00fd ohe\u0148.<\/p>\n<p>Pokud budete m\u00edt z\u00e1jem, tak m\u016f\u017eeme nahr\u00e1vac\u00ed session uspo\u0159\u00e1dat ve V\u00e1mi vybran\u00fdch prostor\u00e1ch (zku\u0161ebna, ob\u00fdvac\u00ed pokoj, \u017eiv\u00fd koncert, atd). Zakl\u00e1d\u00e1m si na mobilit\u011b m\u00e9ho vyybaven\u00ed a bav\u00ed m\u011b nahr\u00e1vat i\u00a0na neobvykl\u00fdch m\u00edstech. Hlavn\u00ed je ale pohoda a p\u0159\u00edjemn\u00e9 prost\u0159ed\u00ed p\u0159i tvorb\u011b hudby. \u00a0<\/p>\n<p>Kontakt: 721 237 954<\/p>\n<p>\u00a0\u00a0\u00a0\u00a0\u00a0\u00a0\u00a0\u00a0\u00a0\u00a0\u00a0\u00a0\u00a0\u00a0\u00a0 \u00a0\u00a0\u00a0 vitfucik@gmail.com<\/p>\n<p><img loading=\"lazy\" decoding=\"async\" class=\"alignnone size-full wp-image-222\" src=\"http:\/\/vitfucik.cz\/wp-content\/uploads\/2017\/01\/Studio.png\" alt=\"\" width=\"604\" height=\"387\" srcset=\"https:\/\/vitfucik.cz\/wp-content\/uploads\/2017\/01\/Studio.png 604w, https:\/\/vitfucik.cz\/wp-content\/uploads\/2017\/01\/Studio-300x192.png 300w\" sizes=\"(max-width: 604px) 100vw, 604px\" \/><b><\/b><i><\/i><u><\/u><\/p>\n","protected":false},"excerpt":{"rendered":"<p>Vybaven\u00ed studia P\u0159evodn\u00edky: Steinberg UR44, Line 6 Pod Farm 2 DAW: Cubase 8 Mikrofony: AKG, SHURE, MXL, SAMSON, BEHRINGER Monitoring: KRK, Technics, [&hellip;]<\/p>\n","protected":false},"author":2,"featured_media":0,"parent":0,"menu_order":0,"comment_status":"closed","ping_status":"closed","template":"","meta":{"_exactmetrics_skip_tracking":false,"_exactmetrics_sitenote_active":false,"_exactmetrics_sitenote_note":"","_exactmetrics_sitenote_category":0,"_monsterinsights_skip_tracking":false,"_monsterinsights_sitenote_active":false,"_monsterinsights_sitenote_note":"","_monsterinsights_sitenote_category":0,"footnotes":""},"aioseo_notices":[],"_links":{"self":[{"href":"https:\/\/vitfucik.cz\/index.php\/wp-json\/wp\/v2\/pages\/199"}],"collection":[{"href":"https:\/\/vitfucik.cz\/index.php\/wp-json\/wp\/v2\/pages"}],"about":[{"href":"https:\/\/vitfucik.cz\/index.php\/wp-json\/wp\/v2\/types\/page"}],"author":[{"embeddable":true,"href":"https:\/\/vitfucik.cz\/index.php\/wp-json\/wp\/v2\/users\/2"}],"replies":[{"embeddable":true,"href":"https:\/\/vitfucik.cz\/index.php\/wp-json\/wp\/v2\/comments?post=199"}],"version-history":[{"count":9,"href":"https:\/\/vitfucik.cz\/index.php\/wp-json\/wp\/v2\/pages\/199\/revisions"}],"predecessor-version":[{"id":224,"href":"https:\/\/vitfucik.cz\/index.php\/wp-json\/wp\/v2\/pages\/199\/revisions\/224"}],"wp:attachment":[{"href":"https:\/\/vitfucik.cz\/index.php\/wp-json\/wp\/v2\/media?parent=199"}],"curies":[{"name":"wp","href":"https:\/\/api.w.org\/{rel}","templated":true}]}}