{"id":2,"date":"2017-01-10T21:22:41","date_gmt":"2017-01-10T20:22:41","guid":{"rendered":"http:\/\/vitfucik.cz\/?page_id=2"},"modified":"2023-07-08T18:22:32","modified_gmt":"2023-07-08T17:22:32","slug":"zkusebni-stranka","status":"publish","type":"page","link":"https:\/\/vitfucik.cz\/","title":{"rendered":"Home"},"content":{"rendered":"<p><span style=\"color: #6d6d6d; font-size: 24px;\"><strong> Jsem kytarista, skladatel, texta\u0159, studiov\u00fd technik, lektor a hudebn\u00ed producent na voln\u00e9 noze.<\/strong><\/span><\/p>\n<p style=\"text-align: center;\">\n<p><span style=\"color: #6d6d6d; font-size: 24px;\">\u00a0<\/span><\/p>\n<p><span style=\"color: #6d6d6d; font-size: 24px;\">Zab\u00fdv\u00e1m se nahr\u00e1v\u00e1n\u00edm, mixov\u00e1n\u00edm, aran\u017eov\u00e1n\u00edm hudby a ostatn\u00ed studiovou \u010dinnost\u00ed. Ve voln\u00e9m \u010dase se sna\u017e\u00edm popularizovat hudebn\u00ed teorii a soukrom\u011b vyu\u010duji hru na kytaru, bic\u00ed, ale r\u00e1d pom\u016f\u017eu se z\u00e1klady nahr\u00e1v\u00e1n\u00ed a pr\u00e1ce s nahr\u00e1vac\u00edm softwarem.<\/span><\/p>\n<p><span style=\"color: #6d6d6d; font-size: 24px;\">Pokud jste kapela hledaj\u00edc\u00ed m\u00edsto ke tvorb\u011b, tak m\u016f\u017eete vyu\u017e\u00edt slu\u017eeb m\u00e9ho\u00a0<a style=\"color: #6d6d6d;\" href=\"http:\/\/vpicsound.com\/\"> dom\u00e1c\u00edho studia<\/a>, nebo si m\u011b p\u0159izvete na sv\u016fj projekt a j\u00e1 se postar\u00e1m o to, aby v\u00fdsledek dopadl co nejl\u00e9pe. Jste-li t\u0159eba Youtuber, firma a nebo chcete prost\u011b jen vylep\u0161it zvuk Va\u0161ich nahr\u00e1vek, tak jsem jedno velk\u00e9 ucho.<\/span><\/p>\n<p><span style=\"color: #6d6d6d; font-size: 24px;\">Krom\u011b hudby je m\u00fdm celo\u017eivotn\u00edm spole\u010dn\u00edkem i v\u00fdtvarno a proto ob\u010das ud\u011bl\u00e1m n\u011bjak\u00e9 logo, plak\u00e1t, webovky, ilustraci, kus animace a nebo m\u00e9 mamce pom\u016f\u017eu <a style=\"color: #6d6d6d;\" href=\"http:\/\/griftisk.cz\/\">v tisk\u00e1rn\u011b<\/a>.\u00a0<\/span><\/p>\n<p><span style=\"color: #6d6d6d; font-size: 24px;\">V\u00edce z m\u00e9ho p\u0159\u00edb\u011bhu najdete v sekci <a style=\"color: #6d6d6d;\" href=\"http:\/\/vitfucik.cz\/index.php\/o-mneabout\/\">O MN\u011a<\/a>.<\/span><\/p>\n<p><a href=\"https:\/\/www.paypal.com\/donate\/?hosted_button_id=UW2TLD5Y3AYQ8\"><img loading=\"lazy\" decoding=\"async\" class=\"aligncenter wp-image-958 size-full\" src=\"http:\/\/vitfucik.cz\/wp-content\/uploads\/2023\/07\/DONATE-TL.png\" alt=\"\" width=\"508\" height=\"145\" srcset=\"https:\/\/vitfucik.cz\/wp-content\/uploads\/2023\/07\/DONATE-TL.png 508w, https:\/\/vitfucik.cz\/wp-content\/uploads\/2023\/07\/DONATE-TL-300x86.png 300w, https:\/\/vitfucik.cz\/wp-content\/uploads\/2023\/07\/DONATE-TL-230x66.png 230w, https:\/\/vitfucik.cz\/wp-content\/uploads\/2023\/07\/DONATE-TL-350x100.png 350w, https:\/\/vitfucik.cz\/wp-content\/uploads\/2023\/07\/DONATE-TL-480x137.png 480w, https:\/\/vitfucik.cz\/wp-content\/uploads\/2023\/07\/DONATE-TL-24x7.png 24w, https:\/\/vitfucik.cz\/wp-content\/uploads\/2023\/07\/DONATE-TL-36x10.png 36w, https:\/\/vitfucik.cz\/wp-content\/uploads\/2023\/07\/DONATE-TL-48x14.png 48w\" sizes=\"(max-width: 508px) 100vw, 508px\" \/><\/a><\/p>\n<p><iframe loading=\"lazy\" src=\"https:\/\/w.soundcloud.com\/player\/?url=https%3A\/\/soundcloud.com\/vpicsound&amp;auto_play=false&amp;hide_related=false&amp;show_comments=true&amp;show_user=true&amp;show_reposts=false&amp;visual=false\" width=\"100%\" height=\"auto\" frameborder=\"no\" scrolling=\"no\"><\/iframe><\/p>\n<hr \/>\n<p style=\"text-align: left;\">\n<hr \/>\n<p style=\"text-align: left;\">\n<p style=\"text-align: left;\"><span style=\"color: #6d6d6d; font-size: 24px;\"><img loading=\"lazy\" decoding=\"async\" class=\"alignnone size-full wp-image-469\" src=\"http:\/\/vitfucik.cz\/wp-content\/uploads\/2017\/01\/cropped-skeletcubase-2560-1.jpg\" alt=\"\" width=\"1360\" height=\"582\" srcset=\"https:\/\/vitfucik.cz\/wp-content\/uploads\/2017\/01\/cropped-skeletcubase-2560-1.jpg 1360w, https:\/\/vitfucik.cz\/wp-content\/uploads\/2017\/01\/cropped-skeletcubase-2560-1-300x128.jpg 300w, https:\/\/vitfucik.cz\/wp-content\/uploads\/2017\/01\/cropped-skeletcubase-2560-1-768x329.jpg 768w, https:\/\/vitfucik.cz\/wp-content\/uploads\/2017\/01\/cropped-skeletcubase-2560-1-700x300.jpg 700w\" sizes=\"(max-width: 1360px) 100vw, 1360px\" \/><\/span><\/p>\n<p style=\"text-align: left;\">\n<p style=\"text-align: left;\">\n<p style=\"text-align: left;\">\n<p style=\"text-align: center;\"><span style=\"color: #6d6d6d; font-size: 24px;\"><b>Welcome!<img loading=\"lazy\" decoding=\"async\" class=\"alignnone  wp-image-339\" src=\"http:\/\/vitfucik.cz\/wp-content\/uploads\/2017\/01\/image8374.png\" alt=\"\" width=\"33\" height=\"16\" \/><\/b><\/span><\/p>\n<p style=\"text-align: center;\"><span style=\"color: #6d6d6d; font-size: 24px;\">Im a freelancer currently living in South Bohemia (Czech republic).<\/span><\/p>\n<p style=\"text-align: center;\"><span style=\"color: #6d6d6d; font-size: 24px;\">I can offer you my services in these areas:<\/span><\/p>\n<p style=\"text-align: center;\"><span style=\"color: #6d6d6d; font-size: 24px;\"><strong>Music composing<\/strong><\/span><\/p>\n<p style=\"text-align: center;\"><span style=\"color: #6d6d6d; font-size: 24px;\">(for artists, bands,\u00a0movies, games,\u00a0TV and commercials)<\/span><\/p>\n<p style=\"text-align: center;\"><span style=\"color: #6d6d6d; font-size: 24px;\"><strong>Recording<\/strong>\/<b>Audio mixing &amp; editing\/Audio mastering\u00a0\u00a0\u00a0\u00a0<\/b><\/span><\/p>\n<p style=\"text-align: center;\"><span style=\"color: #6d6d6d; font-size: 24px;\"><strong>Music production\/<\/strong><strong>Guitar playing<\/strong><\/span><\/p>\n<p style=\"text-align: center;\"><span style=\"color: #6d6d6d; font-size: 24px;\">&amp;<\/span><\/p>\n<p style=\"text-align: center;\"><span style=\"color: #6d6d6d; font-size: 24px;\"><strong>Illustration\/<\/strong><strong>Graphic design\/<\/strong><b>Animation<\/b><\/span><\/p>\n<p style=\"text-align: center;\"><span style=\"color: #6d6d6d; font-size: 24px;\">\u00a0<\/span><\/p>\n<p><span style=\"color: #6d6d6d; font-size: 24px;\"><script><br \/>\n  (function(i,s,o,g,r,a,m){i['GoogleAnalyticsObject']=r;i[r]=i[r]||function(){<br \/>\n  (i[r].q=i[r].q||[]).push(arguments)},i[r].l=1*new Date();a=s.createElement(o),<br \/>\n  m=s.getElementsByTagName(o)[0];a.async=1;a.src=g;m.parentNode.insertBefore(a,m)<br \/>\n  })(window,document,'script','https:\/\/www.google-analytics.com\/analytics.js','ga');<\/p>\n<p>  ga('create', 'UA-90931749-1', 'auto');<br \/>\n  ga('send', 'pageview');<\/p>\n<p><\/script><\/span><\/p>\n","protected":false},"excerpt":{"rendered":"<p>Jsem kytarista, skladatel, texta\u0159, studiov\u00fd technik, lektor a hudebn\u00ed producent na voln\u00e9 noze. \u00a0 Zab\u00fdv\u00e1m se nahr\u00e1v\u00e1n\u00edm, mixov\u00e1n\u00edm, aran\u017eov\u00e1n\u00edm hudby a ostatn\u00ed [&hellip;]<\/p>\n","protected":false},"author":1,"featured_media":0,"parent":0,"menu_order":0,"comment_status":"closed","ping_status":"open","template":"page-templates\/page_front-page.php","meta":{"_exactmetrics_skip_tracking":false,"_exactmetrics_sitenote_active":false,"_exactmetrics_sitenote_note":"","_exactmetrics_sitenote_category":0,"_monsterinsights_skip_tracking":false,"_monsterinsights_sitenote_active":false,"_monsterinsights_sitenote_note":"","_monsterinsights_sitenote_category":0,"footnotes":""},"aioseo_notices":[],"_links":{"self":[{"href":"https:\/\/vitfucik.cz\/index.php\/wp-json\/wp\/v2\/pages\/2"}],"collection":[{"href":"https:\/\/vitfucik.cz\/index.php\/wp-json\/wp\/v2\/pages"}],"about":[{"href":"https:\/\/vitfucik.cz\/index.php\/wp-json\/wp\/v2\/types\/page"}],"author":[{"embeddable":true,"href":"https:\/\/vitfucik.cz\/index.php\/wp-json\/wp\/v2\/users\/1"}],"replies":[{"embeddable":true,"href":"https:\/\/vitfucik.cz\/index.php\/wp-json\/wp\/v2\/comments?post=2"}],"version-history":[{"count":122,"href":"https:\/\/vitfucik.cz\/index.php\/wp-json\/wp\/v2\/pages\/2\/revisions"}],"predecessor-version":[{"id":966,"href":"https:\/\/vitfucik.cz\/index.php\/wp-json\/wp\/v2\/pages\/2\/revisions\/966"}],"wp:attachment":[{"href":"https:\/\/vitfucik.cz\/index.php\/wp-json\/wp\/v2\/media?parent=2"}],"curies":[{"name":"wp","href":"https:\/\/api.w.org\/{rel}","templated":true}]}}