{"id":334,"date":"2017-01-26T23:36:53","date_gmt":"2017-01-26T22:36:53","guid":{"rendered":"http:\/\/vitfucik.cz\/?page_id=334"},"modified":"2017-01-26T23:36:53","modified_gmt":"2017-01-26T22:36:53","slug":"my-music-services","status":"publish","type":"page","link":"https:\/\/vitfucik.cz\/index.php\/my-music-services\/","title":{"rendered":"My music services"},"content":{"rendered":"<p><span style=\"font-size: 32px;\"><strong>Songwriting, composing,\u00a0 music arrangement<\/strong><\/span><\/p>\n<div><strong>I create music for other artists and bands, but also music for videogame makers, film makers and etc.<\/strong><\/div>\n<div>\u00a0<\/div>\n<div>My music is based on a guitar sound and strong rhytmic fuoundations, but also with an emphasis on melody and memorability.<\/div>\n<div>I\u00b4m good in the following music genres:rock, blues, pop, jazz, folk, funk, rock\u00b4n\u00b4roll, rythm\u00b4n\u00b4blues, pop, hip hop, pop rock, hard rock, punk, metal,\u00a0HC, djent, alternative.\u00a0<\/div>\n<div>\u00a0<\/div>\n<div>My favourites artists are:Tom Waits, Rory Gallagher, Steve Morse, Buddy Guy, BB King, ZZ Top, Beck, Jeff Beck, Steve Vai, Paul Gilbert, Bruce Springsteen, Joe Bonamassa,\u00a0Jonny Lang, Deep Purple, Bob Dylan,\u00a0Jimi Hendrix, Tool, Neil Young, Ray Charles, Howlin Wolf, \u00a0Krucip\u00fcsk, Prago Union, Petr Kalandra, Vladim\u00edr Mi\u0161\u00edk, Ivan Hlas, RZA, Busta Rhymes, Apollo Brown, Narvan, Eric Clapton\u00a0and more.<\/div>\n<div>\u00a0<\/div>\n<div><span style=\"font-size: 20px;\">If you need new music&#8230;<strong>feel free<\/strong> to contact me. <\/span><\/div>\n<div>\u00a0<\/div>\n<div>Export: demo records, music sheets, tabulatures or MIDI.<\/div>\n<div>\u00a0<\/div>\n<div><span style=\"font-size: 32px;\"><strong>Audio mixing,\u00a0editing and mastering.<\/strong><\/span><\/div>\n<div>\u00a0<\/div>\n<div>Do\u00a0you need another pair of ears? \u00a0<\/div>\n<div>\u00a0<\/div>\n<div>Send me your recordings or audio files.<strong> I\u00b4ll take great care of it.<\/strong><\/div>\n<div>I\u00b4ll make your\u00a0music <strong>pop out<\/strong> with the right balance and modern approach.<\/div>\n<div>\u00a0<\/div>\n<div><strong>Price list:<\/strong><\/div>\n<div>Mix: per song\u00a0&#8211; \u00a0120 USD<\/div>\n<div>Mastering: per song, audio file &#8211;\u00a040 USD<\/div>\n<div>Audio editing, cuts: 20USD per hour\u00a0\u00a0<\/div>\n<div>\u00a0<\/div>\n<div>Please,\u00a0send me your stereo\u00a0audio files\u00a0or batch exports in the best possible quality (recording quality). Ideally in 24bit\/44.1 (or\u00a0more)\u00a0kHz.<\/div>\n<div>Ideally <strong>loudness<\/strong>: <strong>single track\/mixing:<\/strong>\u00a0around-18dB; <strong>mastering<\/strong>: around -6dB (just let me some room on the stereo bus).\u00a0\u00a0\u00a0<\/div>\n<div>\n\u00a0<\/div>\n","protected":false},"excerpt":{"rendered":"<p>Songwriting, composing,\u00a0 music arrangement I create music for other artists and bands, but also music for videogame makers, film makers and etc. [&hellip;]<\/p>\n","protected":false},"author":2,"featured_media":0,"parent":0,"menu_order":0,"comment_status":"closed","ping_status":"closed","template":"","meta":{"_exactmetrics_skip_tracking":false,"_exactmetrics_sitenote_active":false,"_exactmetrics_sitenote_note":"","_exactmetrics_sitenote_category":0,"_monsterinsights_skip_tracking":false,"_monsterinsights_sitenote_active":false,"_monsterinsights_sitenote_note":"","_monsterinsights_sitenote_category":0,"footnotes":""},"aioseo_notices":[],"_links":{"self":[{"href":"https:\/\/vitfucik.cz\/index.php\/wp-json\/wp\/v2\/pages\/334"}],"collection":[{"href":"https:\/\/vitfucik.cz\/index.php\/wp-json\/wp\/v2\/pages"}],"about":[{"href":"https:\/\/vitfucik.cz\/index.php\/wp-json\/wp\/v2\/types\/page"}],"author":[{"embeddable":true,"href":"https:\/\/vitfucik.cz\/index.php\/wp-json\/wp\/v2\/users\/2"}],"replies":[{"embeddable":true,"href":"https:\/\/vitfucik.cz\/index.php\/wp-json\/wp\/v2\/comments?post=334"}],"version-history":[{"count":2,"href":"https:\/\/vitfucik.cz\/index.php\/wp-json\/wp\/v2\/pages\/334\/revisions"}],"predecessor-version":[{"id":338,"href":"https:\/\/vitfucik.cz\/index.php\/wp-json\/wp\/v2\/pages\/334\/revisions\/338"}],"wp:attachment":[{"href":"https:\/\/vitfucik.cz\/index.php\/wp-json\/wp\/v2\/media?parent=334"}],"curies":[{"name":"wp","href":"https:\/\/api.w.org\/{rel}","templated":true}]}}