{"id":422,"date":"2017-02-07T22:42:44","date_gmt":"2017-02-07T21:42:44","guid":{"rendered":"http:\/\/vitfucik.cz\/?page_id=422"},"modified":"2017-02-07T23:21:54","modified_gmt":"2017-02-07T22:21:54","slug":"soukroma-vyuka-na-kytaru-bici-nastroje-a-nahravani","status":"publish","type":"page","link":"https:\/\/vitfucik.cz\/index.php\/soukroma-vyuka-na-kytaru-bici-nastroje-a-nahravani\/","title":{"rendered":"Soukrom\u00e1 v\u00fduka na kytaru, bic\u00ed n\u00e1stroje a nahr\u00e1v\u00e1n\u00ed"},"content":{"rendered":"<p>Chcete za\u010d\u00edt hr\u00e1t na kytaru nebo bic\u00ed? Ji\u017e hrajete a chcete se posunout d\u00e1l? Nebo chcete za\u010d\u00edt nahr\u00e1vat a hodilo by se v\u00e1m p\u00e1r rad?<\/p>\n<p><strong><span style=\"font-size: 20px;\">S t\u00edm v\u0161\u00edm v\u00e1m mohu pomoct.<\/span><\/strong><\/p>\n<p>V\u00fduka elektrick\u00e9 a akustick\u00e9 kytary: za\u010d\u00e1te\u010dn\u00edci &#8211; experti<\/p>\n<p>V\u00fduka bic\u00edch n\u00e1stroj\u016f: za\u010d\u00e1te\u010dn\u00edci\u00a0&#8211; pokro\u010dil\u00ed<\/p>\n<p>V\u00fduka nahr\u00e1v\u00e1n\u00ed a pr\u00e1ci ve studiu: za\u010d\u00e1te\u010dn\u00edci\u00a0&#8211; pokro\u010dil\u00ed<\/p>\n<p>M\u00e1m skv\u011bl\u00e9 v\u00fdsledky s v\u00fdukou d\u011bt\u00ed i dosp\u011bl\u00fdch, nez\u00e1le\u017e\u00ed na zku\u0161enostech a hudebn\u00edm stylu. V\u0161e bude z\u00e1viset na Va\u0161ich po\u017eadavc\u00edch, v\u00fduka je velmi individu\u00e1ln\u00ed. Ka\u017ed\u00fd se chce nau\u010dit n\u011bco jin\u00e9ho a\u00a0tak tak\u00e9 k v\u00fduce p\u0159istupuji.\u00a0A\u0165 u\u017e se chcete nau\u010dit hr\u00e1t jako Steve Vai, nebo chcete um\u011bt zahr\u00e1t\u00a0kamar\u00e1d\u016fm u t\u00e1bor\u00e1ku, v\u017edy v\u00e1m uk\u00e1\u017eu nejlep\u0161\u00ed\u00a0a nejrychlej\u0161\u00ed cestu k va\u0161emu c\u00edli.<\/p>\n<p>Nau\u010d\u00edm v\u00e1s jak si m\u016f\u017eete\u00a0aktivn\u011b tvo\u0159it vlastn\u00ed cvi\u010den\u00ed na ka\u017ed\u00fd probl\u00e9m, jak snadno improvizovat, budu v\u00e1s u\u010dit soust\u0159ed\u011bn\u00ed a spr\u00e1vn\u00e9mu postupu p\u0159i cvi\u010den\u00ed na n\u00e1stroj. Sou\u010d\u00e1st\u00ed v\u00fduky je tak\u00e9 z\u00e1klady zp\u011bvu a intonace, hran\u00ed s kapelou\u00a0a studiov\u00e1 praxe. Vysv\u011btl\u00edm v\u00e1m srozumiteln\u011b tak\u00e9 z\u00e1klady hudebn\u00ed teorie, na p\u0159\u00e1n\u00ed nau\u010d\u00edm noty (pro kytaristy, buben\u00edci je maj\u00ed povinn\u011b \ud83d\ude09 ) a nebo p\u0159iprav\u00edm ke zkou\u0161k\u00e1m na konzervato\u0159.<\/p>\n<p>V\u00fduka\u00a0prob\u00edh\u00e1 v Ji\u017en\u00edch \u010cech\u00e1ch, v m\u00fdch prostor\u00e1ch\u00a0a nebo za v\u00e1mi r\u00e1d dojedu v okruhu m\u011bst:\u00a0 P\u00edsek, Strakonice, Blatn\u00e1, Milevsko.<\/p>\n<p>Cen\u00edk:<\/p>\n<p>Hodina: 375,-\/60minut (hodina ve v\u00fdukov\u00fdch prostor\u00e1ch)<\/p>\n<p>Cestovn\u00e9: 100,-<\/p>\n<p>Prvn\u00ed hodina: 100,-<\/p>\n<p>Co budete pot\u0159ebovat:<\/p>\n<p>Pro kytaristy:<\/p>\n<p>Vlastn\u00ed kytara (elektrick\u00e1\u00a0nebo akustick\u00e1), trs\u00e1tko, se\u0161it \u010di pozn\u00e1mkov\u00fd blok a p\u0159\u00edpadn\u011b vlastn\u00ed kytarov\u00fd zesilova\u010d<\/p>\n<p>Pro buben\u00edky:<\/p>\n<p>Pali\u010dky, vlastn\u00ed bic\u00ed soupravu a nebo jej\u00ed \u010d\u00e1st (pokud za\u010d\u00edn\u00e1te sta\u010d\u00ed\u00a0i cvi\u010dn\u00fd pad nebo pol\u0161t\u00e1\u0159)<\/p>\n<p>&nbsp;<\/p>\n","protected":false},"excerpt":{"rendered":"<p>Chcete za\u010d\u00edt hr\u00e1t na kytaru nebo bic\u00ed? Ji\u017e hrajete a chcete se posunout d\u00e1l? Nebo chcete za\u010d\u00edt nahr\u00e1vat a hodilo by se [&hellip;]<\/p>\n","protected":false},"author":2,"featured_media":0,"parent":0,"menu_order":0,"comment_status":"closed","ping_status":"closed","template":"","meta":{"_exactmetrics_skip_tracking":false,"_exactmetrics_sitenote_active":false,"_exactmetrics_sitenote_note":"","_exactmetrics_sitenote_category":0,"_monsterinsights_skip_tracking":false,"_monsterinsights_sitenote_active":false,"_monsterinsights_sitenote_note":"","_monsterinsights_sitenote_category":0,"footnotes":""},"aioseo_notices":[],"_links":{"self":[{"href":"https:\/\/vitfucik.cz\/index.php\/wp-json\/wp\/v2\/pages\/422"}],"collection":[{"href":"https:\/\/vitfucik.cz\/index.php\/wp-json\/wp\/v2\/pages"}],"about":[{"href":"https:\/\/vitfucik.cz\/index.php\/wp-json\/wp\/v2\/types\/page"}],"author":[{"embeddable":true,"href":"https:\/\/vitfucik.cz\/index.php\/wp-json\/wp\/v2\/users\/2"}],"replies":[{"embeddable":true,"href":"https:\/\/vitfucik.cz\/index.php\/wp-json\/wp\/v2\/comments?post=422"}],"version-history":[{"count":6,"href":"https:\/\/vitfucik.cz\/index.php\/wp-json\/wp\/v2\/pages\/422\/revisions"}],"predecessor-version":[{"id":428,"href":"https:\/\/vitfucik.cz\/index.php\/wp-json\/wp\/v2\/pages\/422\/revisions\/428"}],"wp:attachment":[{"href":"https:\/\/vitfucik.cz\/index.php\/wp-json\/wp\/v2\/media?parent=422"}],"curies":[{"name":"wp","href":"https:\/\/api.w.org\/{rel}","templated":true}]}}