{"id":884,"date":"2019-02-21T13:02:05","date_gmt":"2019-02-21T12:02:05","guid":{"rendered":"http:\/\/vitfucik.cz\/?page_id=884"},"modified":"2019-02-21T17:12:19","modified_gmt":"2019-02-21T16:12:19","slug":"downloads","status":"publish","type":"page","link":"https:\/\/vitfucik.cz\/index.php\/downloads\/","title":{"rendered":"DOWNLOADS"},"content":{"rendered":"<blockquote class=\"wp-embedded-content\" data-secret=\"XggrYEnTuh\"><p><a href=\"https:\/\/vitfucik.cz\/index.php\/download\/hmatnik-pro-pravoruke-kytaristy\/\">Hmatn\u00edk pro pravoruk\u00e9 kytaristy<\/a><\/p><\/blockquote>\n<p><iframe class=\"wp-embedded-content\" sandbox=\"allow-scripts\" security=\"restricted\" style=\"position: absolute; clip: rect(1px, 1px, 1px, 1px);\" title=\"&#8222;Hmatn\u00edk pro pravoruk\u00e9 kytaristy&#8220; &#8212; V\u00edt Fu\u010d\u00edk\" src=\"https:\/\/vitfucik.cz\/index.php\/download\/hmatnik-pro-pravoruke-kytaristy\/embed\/#?secret=XggrYEnTuh\" data-secret=\"XggrYEnTuh\" width=\"600\" height=\"338\" frameborder=\"0\" marginwidth=\"0\" marginheight=\"0\" scrolling=\"no\"><\/iframe><\/p>\n<blockquote class=\"wp-embedded-content\" data-secret=\"vDGtZJbf9r\"><p><a href=\"https:\/\/vitfucik.cz\/index.php\/download\/hmatnik-pro-levoruke-kytary\/\">Hmatn\u00edk pro levoruk\u00e9 kytary<\/a><\/p><\/blockquote>\n<p><iframe class=\"wp-embedded-content\" sandbox=\"allow-scripts\" security=\"restricted\" style=\"position: absolute; clip: rect(1px, 1px, 1px, 1px);\" title=\"&#8222;Hmatn\u00edk pro levoruk\u00e9 kytary&#8220; &#8212; V\u00edt Fu\u010d\u00edk\" src=\"https:\/\/vitfucik.cz\/index.php\/download\/hmatnik-pro-levoruke-kytary\/embed\/#?secret=vDGtZJbf9r\" data-secret=\"vDGtZJbf9r\" width=\"600\" height=\"338\" frameborder=\"0\" marginwidth=\"0\" marginheight=\"0\" scrolling=\"no\"><\/iframe><\/p>\n","protected":false},"excerpt":{"rendered":"<p>Hmatn\u00edk pro pravoruk\u00e9 kytaristy Hmatn\u00edk pro levoruk\u00e9 kytary<\/p>\n","protected":false},"author":2,"featured_media":0,"parent":0,"menu_order":0,"comment_status":"closed","ping_status":"closed","template":"","meta":{"_exactmetrics_skip_tracking":false,"_exactmetrics_sitenote_active":false,"_exactmetrics_sitenote_note":"","_exactmetrics_sitenote_category":0,"_monsterinsights_skip_tracking":false,"_monsterinsights_sitenote_active":false,"_monsterinsights_sitenote_note":"","_monsterinsights_sitenote_category":0,"footnotes":""},"aioseo_notices":[],"_links":{"self":[{"href":"https:\/\/vitfucik.cz\/index.php\/wp-json\/wp\/v2\/pages\/884"}],"collection":[{"href":"https:\/\/vitfucik.cz\/index.php\/wp-json\/wp\/v2\/pages"}],"about":[{"href":"https:\/\/vitfucik.cz\/index.php\/wp-json\/wp\/v2\/types\/page"}],"author":[{"embeddable":true,"href":"https:\/\/vitfucik.cz\/index.php\/wp-json\/wp\/v2\/users\/2"}],"replies":[{"embeddable":true,"href":"https:\/\/vitfucik.cz\/index.php\/wp-json\/wp\/v2\/comments?post=884"}],"version-history":[{"count":3,"href":"https:\/\/vitfucik.cz\/index.php\/wp-json\/wp\/v2\/pages\/884\/revisions"}],"predecessor-version":[{"id":968,"href":"https:\/\/vitfucik.cz\/index.php\/wp-json\/wp\/v2\/pages\/884\/revisions\/968"}],"wp:attachment":[{"href":"https:\/\/vitfucik.cz\/index.php\/wp-json\/wp\/v2\/media?parent=884"}],"curies":[{"name":"wp","href":"https:\/\/api.w.org\/{rel}","templated":true}]}}